{"id":4106,"date":"2022-05-05T00:50:19","date_gmt":"2022-05-04T22:50:19","guid":{"rendered":"https:\/\/www.hagenbauer.com\/?post_type=product&#038;p=4106"},"modified":"2025-09-15T17:50:27","modified_gmt":"2025-09-15T15:50:27","slug":"hb001-cabas-xxl","status":"publish","type":"product","link":"https:\/\/www.hagenbauer.com\/fr\/shop\/sacs\/cabas\/cabas_xxl\/hb001-cabas-xxl\/","title":{"rendered":"#HB001 &#8211; CABAS XXL"},"content":{"rendered":"<div class=\"wpb-content-wrapper\"><p>[vc_row unlock_row_content=\u00a0\u00bbyes\u00a0\u00bb row_height_percent=\u00a0\u00bb0&Prime; override_padding=\u00a0\u00bbyes\u00a0\u00bb h_padding=\u00a0\u00bb0&Prime; top_padding=\u00a0\u00bb2&Prime; bottom_padding=\u00a0\u00bb2&Prime; overlay_alpha=\u00a0\u00bb50&Prime; gutter_size=\u00a0\u00bb0&Prime; column_width_percent=\u00a0\u00bb100&Prime; shift_y=\u00a0\u00bb0&Prime; z_index=\u00a0\u00bb0&Prime; uncode_shortcode_id=\u00a0\u00bb167883&Prime;][vc_column column_width_percent=\u00a0\u00bb100&Prime; gutter_size=\u00a0\u00bb3&Prime; override_padding=\u00a0\u00bbyes\u00a0\u00bb column_padding=\u00a0\u00bb2&Prime; overlay_alpha=\u00a0\u00bb50&Prime; shift_x=\u00a0\u00bb0&Prime; shift_y=\u00a0\u00bb0&Prime; shift_y_down=\u00a0\u00bb0&Prime; z_index=\u00a0\u00bb0&Prime; medium_width=\u00a0\u00bb0&Prime; mobile_width=\u00a0\u00bb0&Prime; width=\u00a0\u00bb5\/12&Prime; uncode_shortcode_id=\u00a0\u00bb190938&Prime;][vc_gallery el_id=\u00a0\u00bbgallery-891886&Prime; medias=\u00a0\u00bb4274,4276,3095,3047,3093&Prime; gutter_size=\u00a0\u00bb3&Prime; media_items=\u00a0\u00bbmedia|lightbox|original\u00a0\u00bb screen_lg=\u00a0\u00bb1000&Prime; screen_md=\u00a0\u00bb600&Prime; screen_sm=\u00a0\u00bb480&Prime; single_width=\u00a0\u00bb12&Prime; single_overlay_opacity=\u00a0\u00bb5&Prime; single_image_anim=\u00a0\u00bbno\u00a0\u00bb single_v_position=\u00a0\u00bbtop\u00a0\u00bb single_padding=\u00a0\u00bb2&Prime; single_border=\u00a0\u00bbyes\u00a0\u00bb single_css_animation=\u00a0\u00bbleft-t-right\u00a0\u00bb single_animation_speed=\u00a0\u00bb800&Prime; single_animation_delay=\u00a0\u00bb400&Prime; lbox_skin=\u00a0\u00bbwhite\u00a0\u00bb lbox_transparency=\u00a0\u00bbopaque\u00a0\u00bb lbox_gallery_arrows=\u00a0\u00bbno\u00a0\u00bb lbox_actual_size=\u00a0\u00bbyes\u00a0\u00bb lbox_zoom_origin=\u00a0\u00bbyes\u00a0\u00bb lbox_counter=\u00a0\u00bbyes\u00a0\u00bb lbox_transition=\u00a0\u00bblg-soft-zoom\u00a0\u00bb custom_cursor=\u00a0\u00bbdark\u00a0\u00bb uncode_shortcode_id=\u00a0\u00bb199050&Prime; items=\u00a0\u00bbeyIxMzg1X2kiOnsic2luZ2xlX3RleHQiOiJvdmVybGF5In19&Prime;][\/vc_column][vc_column column_width_percent=\u00a0\u00bb100&Prime; gutter_size=\u00a0\u00bb3&Prime; override_padding=\u00a0\u00bbyes\u00a0\u00bb column_padding=\u00a0\u00bb2&Prime; overlay_alpha=\u00a0\u00bb50&Prime; shift_x=\u00a0\u00bb0&Prime; shift_y=\u00a0\u00bb0&Prime; shift_y_down=\u00a0\u00bb0&Prime; z_index=\u00a0\u00bb0&Prime; medium_width=\u00a0\u00bb0&Prime; mobile_width=\u00a0\u00bb7&Prime; sticky=\u00a0\u00bbyes\u00a0\u00bb width=\u00a0\u00bb7\/12&Prime; uncode_shortcode_id=\u00a0\u00bb199982&Prime;][vc_column_text uncode_shortcode_id=\u00a0\u00bb139112&Prime;]Nos sacs sont des objets du quotidien,\u00a0<b>malins et \u00e9co-con\u00e7us<\/b>.<\/p>\n<p>Pratique et singulier, ce\u00a0<b>\u00ab\u00a0cabas 48h\u00a0\u00bb<\/b>\u00a0vous accompagnera le temps d\u2019un week-end. Il compl\u00e9tera vos tenues d\u2019une fa\u00e7on in\u00e9dite de par\u00a0<b>son univers POP<\/b>. Ce sac XXL est dot\u00e9 de larges anses pour\u00a0<b>un port\u00e9 \u00e9paule<\/b>. Sa particularit\u00e9 est de s\u2019ouvrir en fa\u00e7ade \u00e0 la jonction de ses deux graphismes recto-verso par\u00a0<b>un zip vertical<\/b>. Cet acc\u00e8s donne sur l\u2019int\u00e9rieur du sac, ainsi que sur sa poche s\u00e9curis\u00e9e.\u00a0<b>Ce sac r\u00e9versible est sans coutures apparentes.<\/b>\u00a0Son touch\u00e9 tr\u00e8s agr\u00e9able s\u2019approche d\u2019une toile de peinture.<\/p>\n<p><strong>GRAPHISME D\u2019ARTISTE<\/strong><\/p>\n<p>La touche artistique est le fruit des tableaux d\u2019Anne-Sophie Haghebaert.<b>\u00a0Son enjeu ? Faire sortir les toiles hors les murs.\u00a0<\/b><\/p>\n<p>Ce premier th\u00e8me s\u2019intitule \u00ab\u00a0L\u2019Art du Chantier\u00a0\u00bb est un travail par le trait, une repr\u00e9sentation de notre passage avec des r\u00e9f\u00e9rences \u00e0\u00a0<b>\u00ab\u00a0l\u2019objet utile\u00a0\u00bb<\/b>. Nous traitons les objets comme<b>\u00a0<\/b>des troph\u00e9es de notre soci\u00e9t\u00e9. Nous parlons de nos univers \u00e0 tous, du d\u00e9cors que l\u2019on ne regarde m\u00eame plus.<\/p>\n<p><strong>D\u00c9MARCHE ECO-RESPONSABLE<\/strong><\/p>\n<p><b>Et pourquoi ne pas opter pour une solution durable, fran\u00e7aise et responsable ?<\/b>\u00a0Nous avons r\u00e9ussi \u00e0 faire de l\u2019artisanat local, de suivre une logique environnementale. Les zips sont fabriqu\u00e9s pr\u00e8s de Lille. Notre toile est tiss\u00e9e en France \u00e0 partir de bouteilles d\u2019eau recycl\u00e9es. L\u2019impression par sublimation est r\u00e9alis\u00e9e \u00e0 Lyon. C\u2019est \u00e0 Marseille que sont assembl\u00e9s tous nos sacs par des ateliers de confection, dont un fait de la r\u00e9insertion professionnelle.<\/p>\n<p><strong>CARACT\u00c9RISTIQUES<\/strong><\/p>\n<p><b>Composition :<\/b>\u00a082% Polyester (dont 95% de toile recycl\u00e9e),\u00a018% Nylon<\/p>\n<p><b>Dimensions :\u00a0<\/b>49x34x15 cm\u00a0 (HxLxP)\u00a0<b>Sa contenance est parfaite pour accueillir un ordinateur portable 16 pouces.<\/b><\/p>\n<p><b>Poche Int\u00e9rieure zipp\u00e9e :\u00a0<\/b>25&#215;20 cm (permet d\u2019y glisser ais\u00e9ment une pochette Hagen Bauer)<\/p>\n<p><b>Volume :\u00a0<\/b>25 litres<\/p>\n<p><b>Poids :\u00a0<\/b>463 gr<br \/>\n<b>Taille du mod\u00e8le :\u00a0<\/b>Ying mesure 1m70.<\/p>\n<p><strong>CONSEIL D\u2019ENTRETIEN<\/strong><\/p>\n<p>Vous pouvez <strong>laver votre sac en machine<\/strong> \u00e0 40\u00b0 avec un essorage \u00e0 400 trs\/mn. Si vous souhaitez le rendre imperm\u00e9able, nous vous conseillons d\u2019utiliser des solutions non fluor\u00e9es (sans PFC) pour \u00e9viter tout rejet dans l\u2019environnement.[\/vc_column_text][\/vc_column][\/vc_row]<\/p>\n<\/div>","protected":false},"excerpt":{"rendered":"<p>L&rsquo;Art du Chantier<\/p>\n","protected":false},"featured_media":3099,"template":"","meta":[],"product_brand":[],"product_cat":[85],"product_tag":[96,103],"class_list":{"0":"post-4106","1":"product","2":"type-product","3":"status-publish","4":"has-post-thumbnail","6":"product_cat-cabas_xxl","7":"product_tag-cab-xxl","8":"product_tag-hb001","10":"first","11":"instock","12":"taxable","13":"shipping-taxable","14":"purchasable","15":"product-type-simple","16":"add-to-wishlist-after_add_to_cart"},"yoast_head":"<!-- This site is optimized with the Yoast SEO plugin v27.5 - https:\/\/yoast.com\/product\/yoast-seo-wordpress\/ -->\n<title>#HB001 - CABAS XXL - HAGEN BAUER<\/title>\n<meta name=\"robots\" content=\"index, follow, max-snippet:-1, max-image-preview:large, max-video-preview:-1\" \/>\n<link rel=\"canonical\" href=\"https:\/\/www.hagenbauer.com\/fr\/shop\/sacs\/cabas\/cabas_xxl\/hb001-cabas-xxl\/\" \/>\n<meta property=\"og:locale\" content=\"fr_FR\" \/>\n<meta property=\"og:type\" content=\"article\" \/>\n<meta property=\"og:title\" content=\"#HB001 - CABAS XXL - HAGEN BAUER\" \/>\n<meta property=\"og:description\" content=\"L&#039;Art du Chantier\" \/>\n<meta property=\"og:url\" content=\"https:\/\/www.hagenbauer.com\/fr\/shop\/sacs\/cabas\/cabas_xxl\/hb001-cabas-xxl\/\" \/>\n<meta property=\"og:site_name\" content=\"HAGEN BAUER\" \/>\n<meta property=\"article:publisher\" content=\"http:\/\/facebook.com\/HagenBauerOfficiel\/\" \/>\n<meta property=\"article:modified_time\" content=\"2025-09-15T15:50:27+00:00\" \/>\n<meta property=\"og:image\" content=\"https:\/\/www.hagenbauer.com\/wp-content\/uploads\/2022\/05\/HB001-CAB-XXL_STM_3931-full.jpg\" \/>\n\t<meta property=\"og:image:width\" content=\"3039\" \/>\n\t<meta property=\"og:image:height\" content=\"1811\" \/>\n\t<meta property=\"og:image:type\" content=\"image\/jpeg\" \/>\n<meta name=\"twitter:card\" content=\"summary_large_image\" \/>\n<meta name=\"twitter:label1\" content=\"Dur\u00e9e de lecture estim\u00e9e\" \/>\n\t<meta name=\"twitter:data1\" content=\"3 minutes\" \/>\n<script type=\"application\/ld+json\" class=\"yoast-schema-graph\">{\"@context\":\"https:\\\/\\\/schema.org\",\"@graph\":[{\"@type\":\"WebPage\",\"@id\":\"https:\\\/\\\/www.hagenbauer.com\\\/fr\\\/shop\\\/sacs\\\/cabas\\\/cabas_xxl\\\/hb001-cabas-xxl\\\/\",\"url\":\"https:\\\/\\\/www.hagenbauer.com\\\/fr\\\/shop\\\/sacs\\\/cabas\\\/cabas_xxl\\\/hb001-cabas-xxl\\\/\",\"name\":\"#HB001 - CABAS XXL - HAGEN BAUER\",\"isPartOf\":{\"@id\":\"https:\\\/\\\/www.hagenbauer.com\\\/fr\\\/#website\"},\"primaryImageOfPage\":{\"@id\":\"https:\\\/\\\/www.hagenbauer.com\\\/fr\\\/shop\\\/sacs\\\/cabas\\\/cabas_xxl\\\/hb001-cabas-xxl\\\/#primaryimage\"},\"image\":{\"@id\":\"https:\\\/\\\/www.hagenbauer.com\\\/fr\\\/shop\\\/sacs\\\/cabas\\\/cabas_xxl\\\/hb001-cabas-xxl\\\/#primaryimage\"},\"thumbnailUrl\":\"https:\\\/\\\/www.hagenbauer.com\\\/wp-content\\\/uploads\\\/2022\\\/05\\\/HB001-CAB-XXL_STM_3931-full.jpg\",\"datePublished\":\"2022-05-04T22:50:19+00:00\",\"dateModified\":\"2025-09-15T15:50:27+00:00\",\"breadcrumb\":{\"@id\":\"https:\\\/\\\/www.hagenbauer.com\\\/fr\\\/shop\\\/sacs\\\/cabas\\\/cabas_xxl\\\/hb001-cabas-xxl\\\/#breadcrumb\"},\"inLanguage\":\"fr-FR\",\"potentialAction\":[{\"@type\":\"ReadAction\",\"target\":[\"https:\\\/\\\/www.hagenbauer.com\\\/fr\\\/shop\\\/sacs\\\/cabas\\\/cabas_xxl\\\/hb001-cabas-xxl\\\/\"]}]},{\"@type\":\"ImageObject\",\"inLanguage\":\"fr-FR\",\"@id\":\"https:\\\/\\\/www.hagenbauer.com\\\/fr\\\/shop\\\/sacs\\\/cabas\\\/cabas_xxl\\\/hb001-cabas-xxl\\\/#primaryimage\",\"url\":\"https:\\\/\\\/www.hagenbauer.com\\\/wp-content\\\/uploads\\\/2022\\\/05\\\/HB001-CAB-XXL_STM_3931-full.jpg\",\"contentUrl\":\"https:\\\/\\\/www.hagenbauer.com\\\/wp-content\\\/uploads\\\/2022\\\/05\\\/HB001-CAB-XXL_STM_3931-full.jpg\",\"width\":3039,\"height\":1811},{\"@type\":\"BreadcrumbList\",\"@id\":\"https:\\\/\\\/www.hagenbauer.com\\\/fr\\\/shop\\\/sacs\\\/cabas\\\/cabas_xxl\\\/hb001-cabas-xxl\\\/#breadcrumb\",\"itemListElement\":[{\"@type\":\"ListItem\",\"position\":1,\"name\":\"Shop\",\"item\":\"https:\\\/\\\/www.hagenbauer.com\\\/fr\\\/shop\\\/\"},{\"@type\":\"ListItem\",\"position\":2,\"name\":\"#HB001 &#8211; CABAS XXL\"}]},{\"@type\":\"WebSite\",\"@id\":\"https:\\\/\\\/www.hagenbauer.com\\\/fr\\\/#website\",\"url\":\"https:\\\/\\\/www.hagenbauer.com\\\/fr\\\/\",\"name\":\"HAGEN BAUER\",\"description\":\"La peinture sur des sacs urbains.\",\"publisher\":{\"@id\":\"https:\\\/\\\/www.hagenbauer.com\\\/fr\\\/#organization\"},\"potentialAction\":[{\"@type\":\"SearchAction\",\"target\":{\"@type\":\"EntryPoint\",\"urlTemplate\":\"https:\\\/\\\/www.hagenbauer.com\\\/fr\\\/?s={search_term_string}\"},\"query-input\":{\"@type\":\"PropertyValueSpecification\",\"valueRequired\":true,\"valueName\":\"search_term_string\"}}],\"inLanguage\":\"fr-FR\"},{\"@type\":\"Organization\",\"@id\":\"https:\\\/\\\/www.hagenbauer.com\\\/fr\\\/#organization\",\"name\":\"HAGEN BAUER\",\"url\":\"https:\\\/\\\/www.hagenbauer.com\\\/fr\\\/\",\"logo\":{\"@type\":\"ImageObject\",\"inLanguage\":\"fr-FR\",\"@id\":\"https:\\\/\\\/www.hagenbauer.com\\\/fr\\\/#\\\/schema\\\/logo\\\/image\\\/\",\"url\":\"https:\\\/\\\/www.hagenbauer.com\\\/wp-content\\\/uploads\\\/2021\\\/01\\\/logo-hagenbauer-CAP-black.svg\",\"contentUrl\":\"https:\\\/\\\/www.hagenbauer.com\\\/wp-content\\\/uploads\\\/2021\\\/01\\\/logo-hagenbauer-CAP-black.svg\",\"width\":100,\"height\":100,\"caption\":\"HAGEN BAUER\"},\"image\":{\"@id\":\"https:\\\/\\\/www.hagenbauer.com\\\/fr\\\/#\\\/schema\\\/logo\\\/image\\\/\"},\"sameAs\":[\"http:\\\/\\\/facebook.com\\\/HagenBauerOfficiel\\\/\",\"https:\\\/\\\/www.instagram.com\\\/hagen_bauer\\\/\",\"https:\\\/\\\/www.linkedin.com\\\/company\\\/hagen-bauer\\\/\"]}]}<\/script>\n<!-- \/ Yoast SEO plugin. -->","yoast_head_json":{"title":"#HB001 - CABAS XXL - HAGEN BAUER","robots":{"index":"index","follow":"follow","max-snippet":"max-snippet:-1","max-image-preview":"max-image-preview:large","max-video-preview":"max-video-preview:-1"},"canonical":"https:\/\/www.hagenbauer.com\/fr\/shop\/sacs\/cabas\/cabas_xxl\/hb001-cabas-xxl\/","og_locale":"fr_FR","og_type":"article","og_title":"#HB001 - CABAS XXL - HAGEN BAUER","og_description":"L'Art du Chantier","og_url":"https:\/\/www.hagenbauer.com\/fr\/shop\/sacs\/cabas\/cabas_xxl\/hb001-cabas-xxl\/","og_site_name":"HAGEN BAUER","article_publisher":"http:\/\/facebook.com\/HagenBauerOfficiel\/","article_modified_time":"2025-09-15T15:50:27+00:00","og_image":[{"width":3039,"height":1811,"url":"https:\/\/www.hagenbauer.com\/wp-content\/uploads\/2022\/05\/HB001-CAB-XXL_STM_3931-full.jpg","type":"image\/jpeg"}],"twitter_card":"summary_large_image","twitter_misc":{"Dur\u00e9e de lecture estim\u00e9e":"3 minutes"},"schema":{"@context":"https:\/\/schema.org","@graph":[{"@type":"WebPage","@id":"https:\/\/www.hagenbauer.com\/fr\/shop\/sacs\/cabas\/cabas_xxl\/hb001-cabas-xxl\/","url":"https:\/\/www.hagenbauer.com\/fr\/shop\/sacs\/cabas\/cabas_xxl\/hb001-cabas-xxl\/","name":"#HB001 - CABAS XXL - HAGEN BAUER","isPartOf":{"@id":"https:\/\/www.hagenbauer.com\/fr\/#website"},"primaryImageOfPage":{"@id":"https:\/\/www.hagenbauer.com\/fr\/shop\/sacs\/cabas\/cabas_xxl\/hb001-cabas-xxl\/#primaryimage"},"image":{"@id":"https:\/\/www.hagenbauer.com\/fr\/shop\/sacs\/cabas\/cabas_xxl\/hb001-cabas-xxl\/#primaryimage"},"thumbnailUrl":"https:\/\/www.hagenbauer.com\/wp-content\/uploads\/2022\/05\/HB001-CAB-XXL_STM_3931-full.jpg","datePublished":"2022-05-04T22:50:19+00:00","dateModified":"2025-09-15T15:50:27+00:00","breadcrumb":{"@id":"https:\/\/www.hagenbauer.com\/fr\/shop\/sacs\/cabas\/cabas_xxl\/hb001-cabas-xxl\/#breadcrumb"},"inLanguage":"fr-FR","potentialAction":[{"@type":"ReadAction","target":["https:\/\/www.hagenbauer.com\/fr\/shop\/sacs\/cabas\/cabas_xxl\/hb001-cabas-xxl\/"]}]},{"@type":"ImageObject","inLanguage":"fr-FR","@id":"https:\/\/www.hagenbauer.com\/fr\/shop\/sacs\/cabas\/cabas_xxl\/hb001-cabas-xxl\/#primaryimage","url":"https:\/\/www.hagenbauer.com\/wp-content\/uploads\/2022\/05\/HB001-CAB-XXL_STM_3931-full.jpg","contentUrl":"https:\/\/www.hagenbauer.com\/wp-content\/uploads\/2022\/05\/HB001-CAB-XXL_STM_3931-full.jpg","width":3039,"height":1811},{"@type":"BreadcrumbList","@id":"https:\/\/www.hagenbauer.com\/fr\/shop\/sacs\/cabas\/cabas_xxl\/hb001-cabas-xxl\/#breadcrumb","itemListElement":[{"@type":"ListItem","position":1,"name":"Shop","item":"https:\/\/www.hagenbauer.com\/fr\/shop\/"},{"@type":"ListItem","position":2,"name":"#HB001 &#8211; CABAS XXL"}]},{"@type":"WebSite","@id":"https:\/\/www.hagenbauer.com\/fr\/#website","url":"https:\/\/www.hagenbauer.com\/fr\/","name":"HAGEN BAUER","description":"La peinture sur des sacs urbains.","publisher":{"@id":"https:\/\/www.hagenbauer.com\/fr\/#organization"},"potentialAction":[{"@type":"SearchAction","target":{"@type":"EntryPoint","urlTemplate":"https:\/\/www.hagenbauer.com\/fr\/?s={search_term_string}"},"query-input":{"@type":"PropertyValueSpecification","valueRequired":true,"valueName":"search_term_string"}}],"inLanguage":"fr-FR"},{"@type":"Organization","@id":"https:\/\/www.hagenbauer.com\/fr\/#organization","name":"HAGEN BAUER","url":"https:\/\/www.hagenbauer.com\/fr\/","logo":{"@type":"ImageObject","inLanguage":"fr-FR","@id":"https:\/\/www.hagenbauer.com\/fr\/#\/schema\/logo\/image\/","url":"https:\/\/www.hagenbauer.com\/wp-content\/uploads\/2021\/01\/logo-hagenbauer-CAP-black.svg","contentUrl":"https:\/\/www.hagenbauer.com\/wp-content\/uploads\/2021\/01\/logo-hagenbauer-CAP-black.svg","width":100,"height":100,"caption":"HAGEN BAUER"},"image":{"@id":"https:\/\/www.hagenbauer.com\/fr\/#\/schema\/logo\/image\/"},"sameAs":["http:\/\/facebook.com\/HagenBauerOfficiel\/","https:\/\/www.instagram.com\/hagen_bauer\/","https:\/\/www.linkedin.com\/company\/hagen-bauer\/"]}]}},"_links":{"self":[{"href":"https:\/\/www.hagenbauer.com\/fr\/wp-json\/wp\/v2\/product\/4106","targetHints":{"allow":["GET"]}}],"collection":[{"href":"https:\/\/www.hagenbauer.com\/fr\/wp-json\/wp\/v2\/product"}],"about":[{"href":"https:\/\/www.hagenbauer.com\/fr\/wp-json\/wp\/v2\/types\/product"}],"wp:featuredmedia":[{"embeddable":true,"href":"https:\/\/www.hagenbauer.com\/fr\/wp-json\/wp\/v2\/media\/3099"}],"wp:attachment":[{"href":"https:\/\/www.hagenbauer.com\/fr\/wp-json\/wp\/v2\/media?parent=4106"}],"wp:term":[{"taxonomy":"product_brand","embeddable":true,"href":"https:\/\/www.hagenbauer.com\/fr\/wp-json\/wp\/v2\/product_brand?post=4106"},{"taxonomy":"product_cat","embeddable":true,"href":"https:\/\/www.hagenbauer.com\/fr\/wp-json\/wp\/v2\/product_cat?post=4106"},{"taxonomy":"product_tag","embeddable":true,"href":"https:\/\/www.hagenbauer.com\/fr\/wp-json\/wp\/v2\/product_tag?post=4106"}],"curies":[{"name":"wp","href":"https:\/\/api.w.org\/{rel}","templated":true}]}}