{"id":2167,"date":"2022-05-07T22:30:59","date_gmt":"2022-05-07T20:30:59","guid":{"rendered":"http:\/\/www.hagenbauer.com\/?post_type=product&#038;p=2167"},"modified":"2025-09-15T17:45:12","modified_gmt":"2025-09-15T15:45:12","slug":"hb003-ban-m","status":"publish","type":"product","link":"https:\/\/www.hagenbauer.com\/fr\/shop\/sacs\/sacs-bandoulieres\/hb003-ban-m\/","title":{"rendered":"#HB003 &#8211; BAN M"},"content":{"rendered":"<div class=\"wpb-content-wrapper\"><p>[vc_row unlock_row_content=\u00a0\u00bbyes\u00a0\u00bb row_height_percent=\u00a0\u00bb0&Prime; override_padding=\u00a0\u00bbyes\u00a0\u00bb h_padding=\u00a0\u00bb0&Prime; top_padding=\u00a0\u00bb2&Prime; bottom_padding=\u00a0\u00bb2&Prime; overlay_alpha=\u00a0\u00bb50&Prime; gutter_size=\u00a0\u00bb0&Prime; column_width_percent=\u00a0\u00bb100&Prime; shift_y=\u00a0\u00bb0&Prime; z_index=\u00a0\u00bb0&Prime; uncode_shortcode_id=\u00a0\u00bb170806&Prime;][vc_column column_width_percent=\u00a0\u00bb100&Prime; gutter_size=\u00a0\u00bb3&Prime; override_padding=\u00a0\u00bbyes\u00a0\u00bb column_padding=\u00a0\u00bb2&Prime; overlay_alpha=\u00a0\u00bb50&Prime; shift_x=\u00a0\u00bb0&Prime; shift_y=\u00a0\u00bb0&Prime; shift_y_down=\u00a0\u00bb0&Prime; z_index=\u00a0\u00bb0&Prime; medium_width=\u00a0\u00bb0&Prime; mobile_width=\u00a0\u00bb0&Prime; width=\u00a0\u00bb5\/12&Prime; uncode_shortcode_id=\u00a0\u00bb190938&Prime;][vc_gallery el_id=\u00a0\u00bbgallery-891886&Prime; medias=\u00a0\u00bb4245,4243,3288,5486,3254&Prime; gutter_size=\u00a0\u00bb3&Prime; media_items=\u00a0\u00bbmedia|lightbox|original\u00a0\u00bb screen_lg=\u00a0\u00bb1000&Prime; screen_md=\u00a0\u00bb600&Prime; screen_sm=\u00a0\u00bb480&Prime; single_width=\u00a0\u00bb12&Prime; single_overlay_opacity=\u00a0\u00bb5&Prime; single_image_anim=\u00a0\u00bbno\u00a0\u00bb single_v_position=\u00a0\u00bbtop\u00a0\u00bb single_padding=\u00a0\u00bb2&Prime; single_border=\u00a0\u00bbyes\u00a0\u00bb single_css_animation=\u00a0\u00bbleft-t-right\u00a0\u00bb single_animation_speed=\u00a0\u00bb800&Prime; single_animation_delay=\u00a0\u00bb400&Prime; lbox_skin=\u00a0\u00bbwhite\u00a0\u00bb lbox_transparency=\u00a0\u00bbopaque\u00a0\u00bb lbox_gallery_arrows=\u00a0\u00bbno\u00a0\u00bb lbox_actual_size=\u00a0\u00bbyes\u00a0\u00bb lbox_zoom_origin=\u00a0\u00bbyes\u00a0\u00bb lbox_counter=\u00a0\u00bbyes\u00a0\u00bb lbox_transition=\u00a0\u00bblg-soft-zoom\u00a0\u00bb custom_cursor=\u00a0\u00bbdark\u00a0\u00bb uncode_shortcode_id=\u00a0\u00bb127262&Prime; items=\u00a0\u00bbeyIxMzg1X2kiOnsic2luZ2xlX3RleHQiOiJvdmVybGF5In19&Prime;][\/vc_column][vc_column column_width_percent=\u00a0\u00bb100&Prime; gutter_size=\u00a0\u00bb3&Prime; override_padding=\u00a0\u00bbyes\u00a0\u00bb column_padding=\u00a0\u00bb2&Prime; overlay_alpha=\u00a0\u00bb50&Prime; shift_x=\u00a0\u00bb0&Prime; shift_y=\u00a0\u00bb0&Prime; shift_y_down=\u00a0\u00bb0&Prime; z_index=\u00a0\u00bb0&Prime; medium_width=\u00a0\u00bb0&Prime; mobile_width=\u00a0\u00bb7&Prime; sticky=\u00a0\u00bbyes\u00a0\u00bb width=\u00a0\u00bb7\/12&Prime; uncode_shortcode_id=\u00a0\u00bb199982&Prime;][vc_column_text uncode_shortcode_id=\u00a0\u00bb276358&Prime;]Nos sacs sont des objets du quotidien,<b>\u00a0malins et \u00e9co-con\u00e7us.<\/b><\/p>\n<p>Pratique et singuli\u00e8re, cette bandouli\u00e8re est une d\u00e9clinaison de nos cabas. Elle compl\u00e9tera vos tenues d\u2019une fa\u00e7on in\u00e9dite de par son univers\u00a0<b>\u00ab\u00a0POP\u00a0\u00bb<\/b>. Son zip visible vertical en fa\u00e7ade lui donne un \u00ab\u00a0look industriel\u00a0\u00bb. Elle est la seule de notre gamme \u00e0 s\u2019ouvrir totalement en fa\u00e7ade \u00e0 la jonction de ses deux graphismes recto-verso par ce\u00a0<b>\u00ab\u00a0zip vertical\u00a0\u00bb<\/b>. Cet acc\u00e8s donne sur l\u2019int\u00e9rieur du sac, ainsi que sur sa\u00a0<b>poche s\u00e9curis\u00e9e<\/b>. Ce sac est sans coutures apparentes, dot\u00e9 d\u2019une grande sangle ajustable. Son touch\u00e9 tr\u00e8s agr\u00e9able s\u2019approche d\u2019une toile de peinture.<\/p>\n<p><strong>GRAPHISME D\u2019ARTISTE<\/strong><\/p>\n<p>La touche artistique est le fruit des tableaux d\u2019Anne-Sophie Haghebaert.\u00a0<b>Son enjeu ? Faire sortir les toiles hors les murs.\u00a0<\/b><\/p>\n<p>Ce troisi\u00e8me th\u00e8me intitul\u00e9 \u00ab L\u2019Art d\u2019Aimer \u00bb, le trait bleu profond discontinu de \u00ab La plage \u00bb lie des parasols \u00e0 des \u00eatres humains. Ce ph\u00e9nom\u00e8ne d\u2019\u00eatre entass\u00e9 tous au m\u00eame endroit para\u00eet paradoxal. Il reste pour autant de grands moments de convivialit\u00e9 privil\u00e9gi\u00e9s o\u00f9 le temps s\u2019arr\u00eate,\u00a0<b>sont les joies de la promiscuit\u00e9<\/b>.\u00a0\u00ab Chez Romain et Marion \u00bb, c\u2019est un peu la m\u00eame chose avec cet autre graphisme, dans ce petit restaurant marseillais familial r\u00e8gne le plaisir de partager plus qu\u2019un bon repas ! En se penchant sur le sujet, il est question de trouver sa place\u2026 \u00eatre en phase avec ce qui nous entoure et ce que l\u2019on vit !<\/p>\n<p><strong>D\u00c9MARCHE ECO-RESPONSABLE<\/strong><\/p>\n<p><b>Et pourquoi ne pas opter pour une solution durable, fran\u00e7aise et responsable ?<\/b>\u00a0Nous avons r\u00e9ussi \u00e0 faire de l\u2019<b>artisanat local<\/b>, de suivre une logique environnementale. Les zips sont fabriqu\u00e9s pr\u00e8s de Lille. Notre toile est tiss\u00e9e en France \u00e0 partir de\u00a0<b>bouteilles d\u2019eau recycl\u00e9es<\/b>. L\u2019impression par sublimation est r\u00e9alis\u00e9e \u00e0 Lyon. C\u2019est \u00e0 Marseille que sont assembl\u00e9s tous nos sacs par des\u00a0<b>ateliers de confection<\/b>, dont un fait de la r\u00e9insertion professionnelle.<\/p>\n<p><strong>CARACT\u00c9RISTIQUES<\/strong><\/p>\n<p><b>Composition :\u00a0<\/b>76% Polyester (dont 87% de toile recycl\u00e9e),\u00a024% Nylon<\/p>\n<p><b>Dimensions<\/b>\u00a0(hors anse)\u00a0<b>:<\/b>\u00a040\u00d727,5\u00d712,5 cm (HxLxP) Sa contenance est parfaite pour accueillir un ordinateur 16 pouces.<\/p>\n<p><b>Volume :\u00a0<\/b>13,7 litres<br \/>\n<b>Poids :<\/b>\u00a0380 gr.<\/p>\n<p><b>Longueur Sangle :\u00a0<\/b>r\u00e9glage min. 66 cm, r\u00e9glage max. 126 cm<\/p>\n<p><b>Poche Int\u00e9rieure zipp\u00e9e :<\/b>\u00a025&#215;20 cm (permet d\u2019y glisser ais\u00e9ment une pochette Hagen Bauer)<br \/>\n<b>Taille du mod\u00e8le :\u00a0<\/b>Anthony mesure 1m75.<\/p>\n<p><strong>CONSEIL D\u2019ENTRETIEN<\/strong><\/p>\n<p>Vous pouvez <strong>laver votre sac en machine<\/strong> \u00e0 40\u00b0 avec un essorage \u00e0 400 trs\/mn. Si vous souhaitez le rendre imperm\u00e9able, nous vous conseillons d\u2019utiliser des solutions non fluor\u00e9es (sans PFC) pour \u00e9viter tout rejet dans l\u2019environnement.[\/vc_column_text][\/vc_column][\/vc_row]<\/p>\n<\/div>","protected":false},"excerpt":{"rendered":"<p>L&rsquo;Art d&rsquo;Aimer<\/p>\n","protected":false},"featured_media":3218,"template":"","meta":[],"product_brand":[],"product_cat":[54],"product_tag":[91,92],"class_list":{"0":"post-2167","1":"product","2":"type-product","3":"status-publish","4":"has-post-thumbnail","6":"product_cat-sacs-bandoulieres","7":"product_tag-hb003","8":"product_tag-ban-m","10":"first","11":"instock","12":"taxable","13":"shipping-taxable","14":"purchasable","15":"product-type-simple","16":"add-to-wishlist-after_add_to_cart"},"yoast_head":"<!-- This site is optimized with the Yoast SEO plugin v27.3 - https:\/\/yoast.com\/product\/yoast-seo-wordpress\/ -->\n<title>#HB003 - BAN M - HAGEN BAUER<\/title>\n<meta name=\"robots\" content=\"index, follow, max-snippet:-1, max-image-preview:large, max-video-preview:-1\" \/>\n<link rel=\"canonical\" href=\"https:\/\/www.hagenbauer.com\/fr\/shop\/sacs\/sacs-bandoulieres\/hb003-ban-m\/\" \/>\n<meta property=\"og:locale\" content=\"fr_FR\" \/>\n<meta property=\"og:type\" content=\"article\" \/>\n<meta property=\"og:title\" content=\"#HB003 - BAN M - HAGEN BAUER\" \/>\n<meta property=\"og:description\" content=\"L&#039;Art d&#039;Aimer\" \/>\n<meta property=\"og:url\" content=\"https:\/\/www.hagenbauer.com\/fr\/shop\/sacs\/sacs-bandoulieres\/hb003-ban-m\/\" \/>\n<meta property=\"og:site_name\" content=\"HAGEN BAUER\" \/>\n<meta property=\"article:publisher\" content=\"http:\/\/facebook.com\/HagenBauerOfficiel\/\" \/>\n<meta property=\"article:modified_time\" content=\"2025-09-15T15:45:12+00:00\" \/>\n<meta property=\"og:image\" content=\"https:\/\/www.hagenbauer.com\/wp-content\/uploads\/2022\/05\/HB003-BAN-M_STM_4362-B-full.jpg\" \/>\n\t<meta property=\"og:image:width\" content=\"3039\" \/>\n\t<meta property=\"og:image:height\" content=\"1811\" \/>\n\t<meta property=\"og:image:type\" content=\"image\/jpeg\" \/>\n<meta name=\"twitter:card\" content=\"summary_large_image\" \/>\n<meta name=\"twitter:label1\" content=\"Dur\u00e9e de lecture estim\u00e9e\" \/>\n\t<meta name=\"twitter:data1\" content=\"3 minutes\" \/>\n<script type=\"application\/ld+json\" class=\"yoast-schema-graph\">{\"@context\":\"https:\\\/\\\/schema.org\",\"@graph\":[{\"@type\":\"WebPage\",\"@id\":\"https:\\\/\\\/www.hagenbauer.com\\\/fr\\\/shop\\\/sacs\\\/sacs-bandoulieres\\\/hb003-ban-m\\\/\",\"url\":\"https:\\\/\\\/www.hagenbauer.com\\\/fr\\\/shop\\\/sacs\\\/sacs-bandoulieres\\\/hb003-ban-m\\\/\",\"name\":\"#HB003 - BAN M - HAGEN BAUER\",\"isPartOf\":{\"@id\":\"https:\\\/\\\/www.hagenbauer.com\\\/fr\\\/#website\"},\"primaryImageOfPage\":{\"@id\":\"https:\\\/\\\/www.hagenbauer.com\\\/fr\\\/shop\\\/sacs\\\/sacs-bandoulieres\\\/hb003-ban-m\\\/#primaryimage\"},\"image\":{\"@id\":\"https:\\\/\\\/www.hagenbauer.com\\\/fr\\\/shop\\\/sacs\\\/sacs-bandoulieres\\\/hb003-ban-m\\\/#primaryimage\"},\"thumbnailUrl\":\"https:\\\/\\\/www.hagenbauer.com\\\/wp-content\\\/uploads\\\/2022\\\/05\\\/HB003-BAN-M_STM_4362-B-full.jpg\",\"datePublished\":\"2022-05-07T20:30:59+00:00\",\"dateModified\":\"2025-09-15T15:45:12+00:00\",\"breadcrumb\":{\"@id\":\"https:\\\/\\\/www.hagenbauer.com\\\/fr\\\/shop\\\/sacs\\\/sacs-bandoulieres\\\/hb003-ban-m\\\/#breadcrumb\"},\"inLanguage\":\"fr-FR\",\"potentialAction\":[{\"@type\":\"ReadAction\",\"target\":[\"https:\\\/\\\/www.hagenbauer.com\\\/fr\\\/shop\\\/sacs\\\/sacs-bandoulieres\\\/hb003-ban-m\\\/\"]}]},{\"@type\":\"ImageObject\",\"inLanguage\":\"fr-FR\",\"@id\":\"https:\\\/\\\/www.hagenbauer.com\\\/fr\\\/shop\\\/sacs\\\/sacs-bandoulieres\\\/hb003-ban-m\\\/#primaryimage\",\"url\":\"https:\\\/\\\/www.hagenbauer.com\\\/wp-content\\\/uploads\\\/2022\\\/05\\\/HB003-BAN-M_STM_4362-B-full.jpg\",\"contentUrl\":\"https:\\\/\\\/www.hagenbauer.com\\\/wp-content\\\/uploads\\\/2022\\\/05\\\/HB003-BAN-M_STM_4362-B-full.jpg\",\"width\":3039,\"height\":1811},{\"@type\":\"BreadcrumbList\",\"@id\":\"https:\\\/\\\/www.hagenbauer.com\\\/fr\\\/shop\\\/sacs\\\/sacs-bandoulieres\\\/hb003-ban-m\\\/#breadcrumb\",\"itemListElement\":[{\"@type\":\"ListItem\",\"position\":1,\"name\":\"Shop\",\"item\":\"https:\\\/\\\/www.hagenbauer.com\\\/fr\\\/shop\\\/\"},{\"@type\":\"ListItem\",\"position\":2,\"name\":\"#HB003 &#8211; BAN M\"}]},{\"@type\":\"WebSite\",\"@id\":\"https:\\\/\\\/www.hagenbauer.com\\\/fr\\\/#website\",\"url\":\"https:\\\/\\\/www.hagenbauer.com\\\/fr\\\/\",\"name\":\"HAGEN BAUER\",\"description\":\"La peinture sur des sacs urbains.\",\"publisher\":{\"@id\":\"https:\\\/\\\/www.hagenbauer.com\\\/fr\\\/#organization\"},\"potentialAction\":[{\"@type\":\"SearchAction\",\"target\":{\"@type\":\"EntryPoint\",\"urlTemplate\":\"https:\\\/\\\/www.hagenbauer.com\\\/fr\\\/?s={search_term_string}\"},\"query-input\":{\"@type\":\"PropertyValueSpecification\",\"valueRequired\":true,\"valueName\":\"search_term_string\"}}],\"inLanguage\":\"fr-FR\"},{\"@type\":\"Organization\",\"@id\":\"https:\\\/\\\/www.hagenbauer.com\\\/fr\\\/#organization\",\"name\":\"HAGEN BAUER\",\"url\":\"https:\\\/\\\/www.hagenbauer.com\\\/fr\\\/\",\"logo\":{\"@type\":\"ImageObject\",\"inLanguage\":\"fr-FR\",\"@id\":\"https:\\\/\\\/www.hagenbauer.com\\\/fr\\\/#\\\/schema\\\/logo\\\/image\\\/\",\"url\":\"https:\\\/\\\/www.hagenbauer.com\\\/wp-content\\\/uploads\\\/2021\\\/01\\\/logo-hagenbauer-CAP-black.svg\",\"contentUrl\":\"https:\\\/\\\/www.hagenbauer.com\\\/wp-content\\\/uploads\\\/2021\\\/01\\\/logo-hagenbauer-CAP-black.svg\",\"width\":100,\"height\":100,\"caption\":\"HAGEN BAUER\"},\"image\":{\"@id\":\"https:\\\/\\\/www.hagenbauer.com\\\/fr\\\/#\\\/schema\\\/logo\\\/image\\\/\"},\"sameAs\":[\"http:\\\/\\\/facebook.com\\\/HagenBauerOfficiel\\\/\",\"https:\\\/\\\/www.instagram.com\\\/hagen_bauer\\\/\",\"https:\\\/\\\/www.linkedin.com\\\/company\\\/hagen-bauer\\\/\"]}]}<\/script>\n<!-- \/ Yoast SEO plugin. -->","yoast_head_json":{"title":"#HB003 - BAN M - HAGEN BAUER","robots":{"index":"index","follow":"follow","max-snippet":"max-snippet:-1","max-image-preview":"max-image-preview:large","max-video-preview":"max-video-preview:-1"},"canonical":"https:\/\/www.hagenbauer.com\/fr\/shop\/sacs\/sacs-bandoulieres\/hb003-ban-m\/","og_locale":"fr_FR","og_type":"article","og_title":"#HB003 - BAN M - HAGEN BAUER","og_description":"L'Art d'Aimer","og_url":"https:\/\/www.hagenbauer.com\/fr\/shop\/sacs\/sacs-bandoulieres\/hb003-ban-m\/","og_site_name":"HAGEN BAUER","article_publisher":"http:\/\/facebook.com\/HagenBauerOfficiel\/","article_modified_time":"2025-09-15T15:45:12+00:00","og_image":[{"width":3039,"height":1811,"url":"https:\/\/www.hagenbauer.com\/wp-content\/uploads\/2022\/05\/HB003-BAN-M_STM_4362-B-full.jpg","type":"image\/jpeg"}],"twitter_card":"summary_large_image","twitter_misc":{"Dur\u00e9e de lecture estim\u00e9e":"3 minutes"},"schema":{"@context":"https:\/\/schema.org","@graph":[{"@type":"WebPage","@id":"https:\/\/www.hagenbauer.com\/fr\/shop\/sacs\/sacs-bandoulieres\/hb003-ban-m\/","url":"https:\/\/www.hagenbauer.com\/fr\/shop\/sacs\/sacs-bandoulieres\/hb003-ban-m\/","name":"#HB003 - BAN M - HAGEN BAUER","isPartOf":{"@id":"https:\/\/www.hagenbauer.com\/fr\/#website"},"primaryImageOfPage":{"@id":"https:\/\/www.hagenbauer.com\/fr\/shop\/sacs\/sacs-bandoulieres\/hb003-ban-m\/#primaryimage"},"image":{"@id":"https:\/\/www.hagenbauer.com\/fr\/shop\/sacs\/sacs-bandoulieres\/hb003-ban-m\/#primaryimage"},"thumbnailUrl":"https:\/\/www.hagenbauer.com\/wp-content\/uploads\/2022\/05\/HB003-BAN-M_STM_4362-B-full.jpg","datePublished":"2022-05-07T20:30:59+00:00","dateModified":"2025-09-15T15:45:12+00:00","breadcrumb":{"@id":"https:\/\/www.hagenbauer.com\/fr\/shop\/sacs\/sacs-bandoulieres\/hb003-ban-m\/#breadcrumb"},"inLanguage":"fr-FR","potentialAction":[{"@type":"ReadAction","target":["https:\/\/www.hagenbauer.com\/fr\/shop\/sacs\/sacs-bandoulieres\/hb003-ban-m\/"]}]},{"@type":"ImageObject","inLanguage":"fr-FR","@id":"https:\/\/www.hagenbauer.com\/fr\/shop\/sacs\/sacs-bandoulieres\/hb003-ban-m\/#primaryimage","url":"https:\/\/www.hagenbauer.com\/wp-content\/uploads\/2022\/05\/HB003-BAN-M_STM_4362-B-full.jpg","contentUrl":"https:\/\/www.hagenbauer.com\/wp-content\/uploads\/2022\/05\/HB003-BAN-M_STM_4362-B-full.jpg","width":3039,"height":1811},{"@type":"BreadcrumbList","@id":"https:\/\/www.hagenbauer.com\/fr\/shop\/sacs\/sacs-bandoulieres\/hb003-ban-m\/#breadcrumb","itemListElement":[{"@type":"ListItem","position":1,"name":"Shop","item":"https:\/\/www.hagenbauer.com\/fr\/shop\/"},{"@type":"ListItem","position":2,"name":"#HB003 &#8211; BAN M"}]},{"@type":"WebSite","@id":"https:\/\/www.hagenbauer.com\/fr\/#website","url":"https:\/\/www.hagenbauer.com\/fr\/","name":"HAGEN BAUER","description":"La peinture sur des sacs urbains.","publisher":{"@id":"https:\/\/www.hagenbauer.com\/fr\/#organization"},"potentialAction":[{"@type":"SearchAction","target":{"@type":"EntryPoint","urlTemplate":"https:\/\/www.hagenbauer.com\/fr\/?s={search_term_string}"},"query-input":{"@type":"PropertyValueSpecification","valueRequired":true,"valueName":"search_term_string"}}],"inLanguage":"fr-FR"},{"@type":"Organization","@id":"https:\/\/www.hagenbauer.com\/fr\/#organization","name":"HAGEN BAUER","url":"https:\/\/www.hagenbauer.com\/fr\/","logo":{"@type":"ImageObject","inLanguage":"fr-FR","@id":"https:\/\/www.hagenbauer.com\/fr\/#\/schema\/logo\/image\/","url":"https:\/\/www.hagenbauer.com\/wp-content\/uploads\/2021\/01\/logo-hagenbauer-CAP-black.svg","contentUrl":"https:\/\/www.hagenbauer.com\/wp-content\/uploads\/2021\/01\/logo-hagenbauer-CAP-black.svg","width":100,"height":100,"caption":"HAGEN BAUER"},"image":{"@id":"https:\/\/www.hagenbauer.com\/fr\/#\/schema\/logo\/image\/"},"sameAs":["http:\/\/facebook.com\/HagenBauerOfficiel\/","https:\/\/www.instagram.com\/hagen_bauer\/","https:\/\/www.linkedin.com\/company\/hagen-bauer\/"]}]}},"_links":{"self":[{"href":"https:\/\/www.hagenbauer.com\/fr\/wp-json\/wp\/v2\/product\/2167","targetHints":{"allow":["GET"]}}],"collection":[{"href":"https:\/\/www.hagenbauer.com\/fr\/wp-json\/wp\/v2\/product"}],"about":[{"href":"https:\/\/www.hagenbauer.com\/fr\/wp-json\/wp\/v2\/types\/product"}],"wp:featuredmedia":[{"embeddable":true,"href":"https:\/\/www.hagenbauer.com\/fr\/wp-json\/wp\/v2\/media\/3218"}],"wp:attachment":[{"href":"https:\/\/www.hagenbauer.com\/fr\/wp-json\/wp\/v2\/media?parent=2167"}],"wp:term":[{"taxonomy":"product_brand","embeddable":true,"href":"https:\/\/www.hagenbauer.com\/fr\/wp-json\/wp\/v2\/product_brand?post=2167"},{"taxonomy":"product_cat","embeddable":true,"href":"https:\/\/www.hagenbauer.com\/fr\/wp-json\/wp\/v2\/product_cat?post=2167"},{"taxonomy":"product_tag","embeddable":true,"href":"https:\/\/www.hagenbauer.com\/fr\/wp-json\/wp\/v2\/product_tag?post=2167"}],"curies":[{"name":"wp","href":"https:\/\/api.w.org\/{rel}","templated":true}]}}