{"id":92,"date":"2022-06-11T14:33:21","date_gmt":"2022-06-11T12:33:21","guid":{"rendered":"http:\/\/www.hagenbauer.com\/?page_id=92"},"modified":"2023-03-31T09:46:57","modified_gmt":"2023-03-31T07:46:57","slug":"notre-histoire","status":"publish","type":"page","link":"https:\/\/www.hagenbauer.com\/fr\/notre-histoire\/","title":{"rendered":"Notre histoire"},"content":{"rendered":"<div class=\"wpb-content-wrapper\"><p>[vc_row row_height_percent=\u00a0\u00bb0&Prime; override_padding=\u00a0\u00bbyes\u00a0\u00bb h_padding=\u00a0\u00bb3&Prime; top_padding=\u00a0\u00bb6&Prime; bottom_padding=\u00a0\u00bb2&Prime; overlay_alpha=\u00a0\u00bb50&Prime; gutter_size=\u00a0\u00bb100&Prime; column_width_percent=\u00a0\u00bb100&Prime; shift_y=\u00a0\u00bb0&Prime; z_index=\u00a0\u00bb0&Prime; style=\u00a0\u00bbinherited\u00a0\u00bb uncode_shortcode_id=\u00a0\u00bb147456&Prime; shape_dividers=\u00a0\u00bb\u00a0\u00bb][vc_column column_width_percent=\u00a0\u00bb100&Prime; position_horizontal=\u00a0\u00bbleft\u00a0\u00bb position_vertical=\u00a0\u00bbmiddle\u00a0\u00bb gutter_size=\u00a0\u00bb0&Prime; style=\u00a0\u00bblight\u00a0\u00bb overlay_alpha=\u00a0\u00bb100&Prime; shift_x=\u00a0\u00bb0&Prime; shift_y=\u00a0\u00bb0&Prime; shift_y_down=\u00a0\u00bb0&Prime; z_index=\u00a0\u00bb0&Prime; medium_width=\u00a0\u00bb0&Prime; mobile_width=\u00a0\u00bb0&Prime; zoom_width=\u00a0\u00bb0&Prime; zoom_height=\u00a0\u00bb0&Prime; width=\u00a0\u00bb1\/1&Prime; uncode_shortcode_id=\u00a0\u00bb120161&Prime;][vc_custom_heading heading_semantic=\u00a0\u00bbh3&Prime; text_size=\u00a0\u00bbfontsize-140952&Prime; text_weight=\u00a0\u00bb500&Prime; text_uppercase=\u00a0\u00bb\u00a0\u00bb uncode_shortcode_id=\u00a0\u00bb108615&Prime;]\u00c0 propos de nous[\/vc_custom_heading][vc_custom_heading heading_semantic=\u00a0\u00bbh1&Prime; text_font=\u00a0\u00bbfont-377884&Prime; text_size=\u00a0\u00bbfontsize-149724&Prime; text_weight=\u00a0\u00bb700&Prime; text_transform=\u00a0\u00bbuppercase\u00a0\u00bb text_height=\u00a0\u00bbfontheight-179065&Prime; text_uppercase=\u00a0\u00bb\u00a0\u00bb uncode_shortcode_id=\u00a0\u00bb156813&Prime;]Notre histoire[\/vc_custom_heading][\/vc_column][\/vc_row][vc_row row_height_percent=\u00a0\u00bb0&Prime; override_padding=\u00a0\u00bbyes\u00a0\u00bb h_padding=\u00a0\u00bb7&Prime; top_padding=\u00a0\u00bb2&Prime; bottom_padding=\u00a0\u00bb2&Prime; overlay_alpha=\u00a0\u00bb50&Prime; gutter_size=\u00a0\u00bb100&Prime; column_width_percent=\u00a0\u00bb100&Prime; shift_y=\u00a0\u00bb0&Prime; z_index=\u00a0\u00bb0&Prime; style=\u00a0\u00bbinherited\u00a0\u00bb uncode_shortcode_id=\u00a0\u00bb727179&Prime; shape_dividers=\u00a0\u00bb\u00a0\u00bb][vc_column column_width_percent=\u00a0\u00bb100&Prime; position_horizontal=\u00a0\u00bbleft\u00a0\u00bb position_vertical=\u00a0\u00bbmiddle\u00a0\u00bb gutter_size=\u00a0\u00bb0&Prime; style=\u00a0\u00bblight\u00a0\u00bb overlay_alpha=\u00a0\u00bb100&Prime; shift_x=\u00a0\u00bb0&Prime; shift_y=\u00a0\u00bb0&Prime; shift_y_down=\u00a0\u00bb0&Prime; z_index=\u00a0\u00bb0&Prime; medium_width=\u00a0\u00bb0&Prime; mobile_width=\u00a0\u00bb0&Prime; zoom_width=\u00a0\u00bb0&Prime; zoom_height=\u00a0\u00bb0&Prime; width=\u00a0\u00bb1\/1&Prime; uncode_shortcode_id=\u00a0\u00bb100774&Prime;][vc_column_text text_lead=\u00a0\u00bbyes\u00a0\u00bb uncode_shortcode_id=\u00a0\u00bb203711&Prime;]L\u2019aventure Hagen Bauer, c&rsquo;est l&rsquo;histoire d&rsquo;une rencontre avec \u00ab Gustavo Lins \u00bb, un ami cr\u00e9ateur de haute couture. En voyant le travail plastique d&rsquo;Anne-Sophie, il l&rsquo;a tout de suite envisag\u00e9 sur des articles de mode.\u00a0C\u2019est v\u00e9ritablement comme \u00e7a que notre marque d&rsquo;accessoires \u00e0 forte empreinte artistique a vu le jour, \u00e0 la terrasse d\u2019un caf\u00e9 parisien.<\/p>\n<p>Notre force, c&rsquo;est notre compl\u00e9mentarit\u00e9, avec Anne-Sophie \u00e0 la cr\u00e9a et\u00a0Pierre \u00e0 la technique en couple depuis 16 ans\u2026 nos gestes, nos diff\u00e9rences, notre fa\u00e7on de voir les choses ensemble, font de notre sac un objet diff\u00e9rent : \u00ab\u00a0L\u2019art de capter la vie\u00a0\u00bb c\u2019est ce qui nous paraissait le plus urgent, de mettre en place de nouvelles choses, de l\u2019ordre du ressenti.[\/vc_column_text][\/vc_column][\/vc_row][vc_row row_height_percent=\u00a0\u00bb49&Prime; override_padding=\u00a0\u00bbyes\u00a0\u00bb h_padding=\u00a0\u00bb0&Prime; top_padding=\u00a0\u00bb3&Prime; bottom_padding=\u00a0\u00bb3&Prime; back_image=\u00a0\u00bb5204&Prime; back_position=\u00a0\u00bbcenter center\u00a0\u00bb parallax=\u00a0\u00bbyes\u00a0\u00bb overlay_alpha=\u00a0\u00bb50&Prime; gutter_size=\u00a0\u00bb100&Prime; column_width_percent=\u00a0\u00bb100&Prime; shift_y=\u00a0\u00bb0&Prime; z_index=\u00a0\u00bb0&Prime; style=\u00a0\u00bbinherited\u00a0\u00bb uncode_shortcode_id=\u00a0\u00bb202363&Prime; row_height_pixel=\u00a0\u00bb150px\u00a0\u00bb shape_dividers=\u00a0\u00bb\u00a0\u00bb][vc_column column_width_percent=\u00a0\u00bb100&Prime; position_vertical=\u00a0\u00bbmiddle\u00a0\u00bb align_horizontal=\u00a0\u00bbalign_center\u00a0\u00bb gutter_size=\u00a0\u00bb0&Prime; style=\u00a0\u00bblight\u00a0\u00bb overlay_alpha=\u00a0\u00bb100&Prime; shift_x=\u00a0\u00bb0&Prime; shift_y=\u00a0\u00bb0&Prime; shift_y_down=\u00a0\u00bb0&Prime; z_index=\u00a0\u00bb0&Prime; medium_width=\u00a0\u00bb0&Prime; mobile_width=\u00a0\u00bb0&Prime; zoom_width=\u00a0\u00bb0&Prime; zoom_height=\u00a0\u00bb0&Prime; width=\u00a0\u00bb1\/1&Prime; uncode_shortcode_id=\u00a0\u00bb431165&Prime;][\/vc_column][\/vc_row][vc_row row_height_percent=\u00a0\u00bb0&Prime; override_padding=\u00a0\u00bbyes\u00a0\u00bb h_padding=\u00a0\u00bb7&Prime; top_padding=\u00a0\u00bb2&Prime; bottom_padding=\u00a0\u00bb2&Prime; overlay_alpha=\u00a0\u00bb50&Prime; gutter_size=\u00a0\u00bb100&Prime; column_width_percent=\u00a0\u00bb100&Prime; shift_y=\u00a0\u00bb0&Prime; z_index=\u00a0\u00bb0&Prime; style=\u00a0\u00bbinherited\u00a0\u00bb uncode_shortcode_id=\u00a0\u00bb849302&Prime; shape_dividers=\u00a0\u00bb\u00a0\u00bb][vc_column column_width_percent=\u00a0\u00bb100&Prime; position_horizontal=\u00a0\u00bbleft\u00a0\u00bb position_vertical=\u00a0\u00bbmiddle\u00a0\u00bb gutter_size=\u00a0\u00bb0&Prime; style=\u00a0\u00bblight\u00a0\u00bb overlay_alpha=\u00a0\u00bb100&Prime; shift_x=\u00a0\u00bb0&Prime; shift_y=\u00a0\u00bb0&Prime; shift_y_down=\u00a0\u00bb0&Prime; z_index=\u00a0\u00bb0&Prime; medium_width=\u00a0\u00bb0&Prime; mobile_width=\u00a0\u00bb0&Prime; zoom_width=\u00a0\u00bb0&Prime; zoom_height=\u00a0\u00bb0&Prime; width=\u00a0\u00bb1\/1&Prime; uncode_shortcode_id=\u00a0\u00bb611646&Prime;][vc_column_text text_lead=\u00a0\u00bbyes\u00a0\u00bb uncode_shortcode_id=\u00a0\u00bb344612&Prime;]Quelle fiert\u00e9 de voir porter notre sac par d\u2019autres. C\u2019est fascinant \u00e0 quel point nous avons pu tout y mettre dedans. On a tous besoin de perspectives d\u2019avenir, qu\u2019il se passe des choses\u2026 C\u2019est comme construire sa propre maison. Je suis persuad\u00e9e que si l&rsquo;on con\u00e7oit quelque chose r\u00e9ellement pour soi, \u00e7a apporte \u00e0 l\u2019objet quelque chose de tr\u00e8s particulier, dont tout le monde va pouvoir b\u00e9n\u00e9ficier.<\/p>\n<p>C\u2019est \u00e0 ce moment-l\u00e0, lorsque l\u2019on construit pour soi-m\u00eame, que l\u2019on se met \u00e0 se r\u00e9veiller en plein milieu de la nuit, avec une bonne id\u00e9e. On pense que \u00e7a se ressent dans notre travail, on lutte entre l\u2019envie de cr\u00e9er quelque chose sp\u00e9cialement pour soi conforme \u00e0 nos d\u00e9sirs, et l\u2019envie de cr\u00e9er des objets destin\u00e9s au plus grand nombre. Parce ce que l\u2019on a pens\u00e9 aussi \u00e0 imaginer toutes les vies qui vont avec, en d\u00e9finitif, c\u2019est un sac magnifique.[\/vc_column_text][\/vc_column][\/vc_row][vc_row row_height_percent=\u00a0\u00bb0&Prime; override_padding=\u00a0\u00bbyes\u00a0\u00bb h_padding=\u00a0\u00bb6&Prime; top_padding=\u00a0\u00bb2&Prime; bottom_padding=\u00a0\u00bb2&Prime; overlay_alpha=\u00a0\u00bb50&Prime; gutter_size=\u00a0\u00bb100&Prime; column_width_percent=\u00a0\u00bb100&Prime; shift_y=\u00a0\u00bb0&Prime; z_index=\u00a0\u00bb0&Prime; mobile_visibility=\u00a0\u00bbyes\u00a0\u00bb style=\u00a0\u00bbinherited\u00a0\u00bb uncode_shortcode_id=\u00a0\u00bb688019&Prime; shape_dividers=\u00a0\u00bb\u00a0\u00bb][vc_column column_width_percent=\u00a0\u00bb100&Prime; position_vertical=\u00a0\u00bbmiddle\u00a0\u00bb align_horizontal=\u00a0\u00bbalign_center\u00a0\u00bb gutter_size=\u00a0\u00bb0&Prime; style=\u00a0\u00bblight\u00a0\u00bb overlay_alpha=\u00a0\u00bb100&Prime; shift_x=\u00a0\u00bb0&Prime; shift_y=\u00a0\u00bb0&Prime; shift_y_down=\u00a0\u00bb0&Prime; z_index=\u00a0\u00bb0&Prime; medium_width=\u00a0\u00bb0&Prime; mobile_width=\u00a0\u00bb0&Prime; zoom_width=\u00a0\u00bb0&Prime; zoom_height=\u00a0\u00bb0&Prime; width=\u00a0\u00bb1\/1&Prime; uncode_shortcode_id=\u00a0\u00bb121768&Prime;][vc_single_image media=\u00a0\u00bb5206&Prime; media_width_percent=\u00a0\u00bb50&Prime; alignment=\u00a0\u00bbcenter\u00a0\u00bb shape=\u00a0\u00bbimg-round\u00a0\u00bb uncode_shortcode_id=\u00a0\u00bb205798&Prime;][\/vc_column][\/vc_row][vc_row row_height_percent=\u00a0\u00bb0&Prime; override_padding=\u00a0\u00bbyes\u00a0\u00bb h_padding=\u00a0\u00bb6&Prime; top_padding=\u00a0\u00bb2&Prime; bottom_padding=\u00a0\u00bb2&Prime; overlay_alpha=\u00a0\u00bb50&Prime; gutter_size=\u00a0\u00bb100&Prime; column_width_percent=\u00a0\u00bb100&Prime; shift_y=\u00a0\u00bb0&Prime; z_index=\u00a0\u00bb0&Prime; desktop_visibility=\u00a0\u00bbyes\u00a0\u00bb medium_visibility=\u00a0\u00bbyes\u00a0\u00bb style=\u00a0\u00bbinherited\u00a0\u00bb uncode_shortcode_id=\u00a0\u00bb501817&Prime; shape_dividers=\u00a0\u00bb\u00a0\u00bb][vc_column column_width_percent=\u00a0\u00bb100&Prime; position_vertical=\u00a0\u00bbmiddle\u00a0\u00bb align_horizontal=\u00a0\u00bbalign_center\u00a0\u00bb gutter_size=\u00a0\u00bb0&Prime; style=\u00a0\u00bblight\u00a0\u00bb overlay_alpha=\u00a0\u00bb100&Prime; shift_x=\u00a0\u00bb0&Prime; shift_y=\u00a0\u00bb0&Prime; shift_y_down=\u00a0\u00bb0&Prime; z_index=\u00a0\u00bb0&Prime; medium_width=\u00a0\u00bb0&Prime; mobile_width=\u00a0\u00bb0&Prime; zoom_width=\u00a0\u00bb0&Prime; zoom_height=\u00a0\u00bb0&Prime; width=\u00a0\u00bb1\/1&Prime; uncode_shortcode_id=\u00a0\u00bb121768&Prime;][vc_single_image media=\u00a0\u00bb5206&Prime; media_width_percent=\u00a0\u00bb100&Prime; alignment=\u00a0\u00bbcenter\u00a0\u00bb shape=\u00a0\u00bbimg-round\u00a0\u00bb uncode_shortcode_id=\u00a0\u00bb984998&Prime;][\/vc_column][\/vc_row][vc_row row_height_percent=\u00a0\u00bb0&Prime; overlay_alpha=\u00a0\u00bb50&Prime; gutter_size=\u00a0\u00bb3&Prime; column_width_percent=\u00a0\u00bb100&Prime; shift_y=\u00a0\u00bb0&Prime; z_index=\u00a0\u00bb0&Prime; uncode_shortcode_id=\u00a0\u00bb702887&Prime; shape_dividers=\u00a0\u00bb\u00a0\u00bb][vc_column width=\u00a0\u00bb1\/1&Prime;][vc_empty_space empty_h=\u00a0\u00bb4&Prime;][\/vc_column][\/vc_row]<\/p>\n<\/div>","protected":false},"excerpt":{"rendered":"<p>[vc_row row_height_percent=\u00a0\u00bb0&Prime; override_padding=\u00a0\u00bbyes\u00a0\u00bb h_padding=\u00a0\u00bb3&Prime; top_padding=\u00a0\u00bb6&Prime; bottom_padding=\u00a0\u00bb2&Prime; overlay_alpha=\u00a0\u00bb50&Prime; gutter_size=\u00a0\u00bb100&Prime; column_width_percent=\u00a0\u00bb100&Prime; shift_y=\u00a0\u00bb0&Prime; z_index=\u00a0\u00bb0&Prime; style=\u00a0\u00bbinherited\u00a0\u00bb uncode_shortcode_id=\u00a0\u00bb147456&Prime; shape_dividers=\u00a0\u00bb\u00a0\u00bb][vc_column column_width_percent=\u00a0\u00bb100&Prime; position_horizontal=\u00a0\u00bbleft\u00a0\u00bb position_vertical=\u00a0\u00bbmiddle\u00a0\u00bb gutter_size=\u00a0\u00bb0&Prime; style=\u00a0\u00bblight\u00a0\u00bb overlay_alpha=\u00a0\u00bb100&Prime; [&hellip;]<\/p>\n","protected":false},"author":1,"featured_media":0,"parent":0,"menu_order":0,"comment_status":"closed","ping_status":"closed","template":"","meta":{"footnotes":""},"class_list":["post-92","page","type-page","status-publish","hentry","page_category-histoires"],"yoast_head":"<!-- This site is optimized with the Yoast SEO plugin v27.4 - https:\/\/yoast.com\/product\/yoast-seo-wordpress\/ -->\n<title>Notre histoire - HAGEN BAUER<\/title>\n<meta name=\"robots\" content=\"index, follow, max-snippet:-1, max-image-preview:large, max-video-preview:-1\" \/>\n<link rel=\"canonical\" href=\"https:\/\/www.hagenbauer.com\/fr\/notre-histoire\/\" \/>\n<meta property=\"og:locale\" content=\"fr_FR\" \/>\n<meta property=\"og:type\" content=\"article\" \/>\n<meta property=\"og:title\" content=\"Notre histoire - HAGEN BAUER\" \/>\n<meta property=\"og:description\" content=\"[vc_row row_height_percent=\u00a0\u00bb0&Prime; override_padding=\u00a0\u00bbyes\u00a0\u00bb h_padding=\u00a0\u00bb3&Prime; top_padding=\u00a0\u00bb6&Prime; bottom_padding=\u00a0\u00bb2&Prime; overlay_alpha=\u00a0\u00bb50&Prime; gutter_size=\u00a0\u00bb100&Prime; column_width_percent=\u00a0\u00bb100&Prime; shift_y=\u00a0\u00bb0&Prime; z_index=\u00a0\u00bb0&Prime; style=\u00a0\u00bbinherited\u00a0\u00bb uncode_shortcode_id=\u00a0\u00bb147456&Prime; shape_dividers=\u00a0\u00bb\u00a0\u00bb][vc_column column_width_percent=\u00a0\u00bb100&Prime; position_horizontal=\u00a0\u00bbleft\u00a0\u00bb position_vertical=\u00a0\u00bbmiddle\u00a0\u00bb gutter_size=\u00a0\u00bb0&Prime; style=\u00a0\u00bblight\u00a0\u00bb overlay_alpha=\u00a0\u00bb100&Prime; [&hellip;]\" \/>\n<meta property=\"og:url\" content=\"https:\/\/www.hagenbauer.com\/fr\/notre-histoire\/\" \/>\n<meta property=\"og:site_name\" content=\"HAGEN BAUER\" \/>\n<meta property=\"article:publisher\" content=\"http:\/\/facebook.com\/HagenBauerOfficiel\/\" \/>\n<meta property=\"article:modified_time\" content=\"2023-03-31T07:46:57+00:00\" \/>\n<meta name=\"twitter:card\" content=\"summary_large_image\" \/>\n<meta name=\"twitter:label1\" content=\"Dur\u00e9e de lecture estim\u00e9e\" \/>\n\t<meta name=\"twitter:data1\" content=\"3 minutes\" \/>\n<script type=\"application\/ld+json\" class=\"yoast-schema-graph\">{\"@context\":\"https:\\\/\\\/schema.org\",\"@graph\":[{\"@type\":\"WebPage\",\"@id\":\"https:\\\/\\\/www.hagenbauer.com\\\/fr\\\/notre-histoire\\\/\",\"url\":\"https:\\\/\\\/www.hagenbauer.com\\\/fr\\\/notre-histoire\\\/\",\"name\":\"Notre histoire - HAGEN BAUER\",\"isPartOf\":{\"@id\":\"https:\\\/\\\/www.hagenbauer.com\\\/fr\\\/#website\"},\"datePublished\":\"2022-06-11T12:33:21+00:00\",\"dateModified\":\"2023-03-31T07:46:57+00:00\",\"inLanguage\":\"fr-FR\",\"potentialAction\":[{\"@type\":\"ReadAction\",\"target\":[\"https:\\\/\\\/www.hagenbauer.com\\\/fr\\\/notre-histoire\\\/\"]}]},{\"@type\":\"WebSite\",\"@id\":\"https:\\\/\\\/www.hagenbauer.com\\\/fr\\\/#website\",\"url\":\"https:\\\/\\\/www.hagenbauer.com\\\/fr\\\/\",\"name\":\"HAGEN BAUER\",\"description\":\"La peinture sur des sacs urbains.\",\"publisher\":{\"@id\":\"https:\\\/\\\/www.hagenbauer.com\\\/fr\\\/#organization\"},\"potentialAction\":[{\"@type\":\"SearchAction\",\"target\":{\"@type\":\"EntryPoint\",\"urlTemplate\":\"https:\\\/\\\/www.hagenbauer.com\\\/fr\\\/?s={search_term_string}\"},\"query-input\":{\"@type\":\"PropertyValueSpecification\",\"valueRequired\":true,\"valueName\":\"search_term_string\"}}],\"inLanguage\":\"fr-FR\"},{\"@type\":\"Organization\",\"@id\":\"https:\\\/\\\/www.hagenbauer.com\\\/fr\\\/#organization\",\"name\":\"HAGEN BAUER\",\"url\":\"https:\\\/\\\/www.hagenbauer.com\\\/fr\\\/\",\"logo\":{\"@type\":\"ImageObject\",\"inLanguage\":\"fr-FR\",\"@id\":\"https:\\\/\\\/www.hagenbauer.com\\\/fr\\\/#\\\/schema\\\/logo\\\/image\\\/\",\"url\":\"https:\\\/\\\/www.hagenbauer.com\\\/wp-content\\\/uploads\\\/2021\\\/01\\\/logo-hagenbauer-CAP-black.svg\",\"contentUrl\":\"https:\\\/\\\/www.hagenbauer.com\\\/wp-content\\\/uploads\\\/2021\\\/01\\\/logo-hagenbauer-CAP-black.svg\",\"width\":100,\"height\":100,\"caption\":\"HAGEN BAUER\"},\"image\":{\"@id\":\"https:\\\/\\\/www.hagenbauer.com\\\/fr\\\/#\\\/schema\\\/logo\\\/image\\\/\"},\"sameAs\":[\"http:\\\/\\\/facebook.com\\\/HagenBauerOfficiel\\\/\",\"https:\\\/\\\/www.instagram.com\\\/hagen_bauer\\\/\",\"https:\\\/\\\/www.linkedin.com\\\/company\\\/hagen-bauer\\\/\"]}]}<\/script>\n<!-- \/ Yoast SEO plugin. -->","yoast_head_json":{"title":"Notre histoire - HAGEN BAUER","robots":{"index":"index","follow":"follow","max-snippet":"max-snippet:-1","max-image-preview":"max-image-preview:large","max-video-preview":"max-video-preview:-1"},"canonical":"https:\/\/www.hagenbauer.com\/fr\/notre-histoire\/","og_locale":"fr_FR","og_type":"article","og_title":"Notre histoire - HAGEN BAUER","og_description":"[vc_row row_height_percent=\u00a0\u00bb0&Prime; override_padding=\u00a0\u00bbyes\u00a0\u00bb h_padding=\u00a0\u00bb3&Prime; top_padding=\u00a0\u00bb6&Prime; bottom_padding=\u00a0\u00bb2&Prime; overlay_alpha=\u00a0\u00bb50&Prime; gutter_size=\u00a0\u00bb100&Prime; column_width_percent=\u00a0\u00bb100&Prime; shift_y=\u00a0\u00bb0&Prime; z_index=\u00a0\u00bb0&Prime; style=\u00a0\u00bbinherited\u00a0\u00bb uncode_shortcode_id=\u00a0\u00bb147456&Prime; shape_dividers=\u00a0\u00bb\u00a0\u00bb][vc_column column_width_percent=\u00a0\u00bb100&Prime; position_horizontal=\u00a0\u00bbleft\u00a0\u00bb position_vertical=\u00a0\u00bbmiddle\u00a0\u00bb gutter_size=\u00a0\u00bb0&Prime; style=\u00a0\u00bblight\u00a0\u00bb overlay_alpha=\u00a0\u00bb100&Prime; [&hellip;]","og_url":"https:\/\/www.hagenbauer.com\/fr\/notre-histoire\/","og_site_name":"HAGEN BAUER","article_publisher":"http:\/\/facebook.com\/HagenBauerOfficiel\/","article_modified_time":"2023-03-31T07:46:57+00:00","twitter_card":"summary_large_image","twitter_misc":{"Dur\u00e9e de lecture estim\u00e9e":"3 minutes"},"schema":{"@context":"https:\/\/schema.org","@graph":[{"@type":"WebPage","@id":"https:\/\/www.hagenbauer.com\/fr\/notre-histoire\/","url":"https:\/\/www.hagenbauer.com\/fr\/notre-histoire\/","name":"Notre histoire - HAGEN BAUER","isPartOf":{"@id":"https:\/\/www.hagenbauer.com\/fr\/#website"},"datePublished":"2022-06-11T12:33:21+00:00","dateModified":"2023-03-31T07:46:57+00:00","inLanguage":"fr-FR","potentialAction":[{"@type":"ReadAction","target":["https:\/\/www.hagenbauer.com\/fr\/notre-histoire\/"]}]},{"@type":"WebSite","@id":"https:\/\/www.hagenbauer.com\/fr\/#website","url":"https:\/\/www.hagenbauer.com\/fr\/","name":"HAGEN BAUER","description":"La peinture sur des sacs urbains.","publisher":{"@id":"https:\/\/www.hagenbauer.com\/fr\/#organization"},"potentialAction":[{"@type":"SearchAction","target":{"@type":"EntryPoint","urlTemplate":"https:\/\/www.hagenbauer.com\/fr\/?s={search_term_string}"},"query-input":{"@type":"PropertyValueSpecification","valueRequired":true,"valueName":"search_term_string"}}],"inLanguage":"fr-FR"},{"@type":"Organization","@id":"https:\/\/www.hagenbauer.com\/fr\/#organization","name":"HAGEN BAUER","url":"https:\/\/www.hagenbauer.com\/fr\/","logo":{"@type":"ImageObject","inLanguage":"fr-FR","@id":"https:\/\/www.hagenbauer.com\/fr\/#\/schema\/logo\/image\/","url":"https:\/\/www.hagenbauer.com\/wp-content\/uploads\/2021\/01\/logo-hagenbauer-CAP-black.svg","contentUrl":"https:\/\/www.hagenbauer.com\/wp-content\/uploads\/2021\/01\/logo-hagenbauer-CAP-black.svg","width":100,"height":100,"caption":"HAGEN BAUER"},"image":{"@id":"https:\/\/www.hagenbauer.com\/fr\/#\/schema\/logo\/image\/"},"sameAs":["http:\/\/facebook.com\/HagenBauerOfficiel\/","https:\/\/www.instagram.com\/hagen_bauer\/","https:\/\/www.linkedin.com\/company\/hagen-bauer\/"]}]}},"_links":{"self":[{"href":"https:\/\/www.hagenbauer.com\/fr\/wp-json\/wp\/v2\/pages\/92","targetHints":{"allow":["GET"]}}],"collection":[{"href":"https:\/\/www.hagenbauer.com\/fr\/wp-json\/wp\/v2\/pages"}],"about":[{"href":"https:\/\/www.hagenbauer.com\/fr\/wp-json\/wp\/v2\/types\/page"}],"author":[{"embeddable":true,"href":"https:\/\/www.hagenbauer.com\/fr\/wp-json\/wp\/v2\/users\/1"}],"replies":[{"embeddable":true,"href":"https:\/\/www.hagenbauer.com\/fr\/wp-json\/wp\/v2\/comments?post=92"}],"version-history":[{"count":0,"href":"https:\/\/www.hagenbauer.com\/fr\/wp-json\/wp\/v2\/pages\/92\/revisions"}],"wp:attachment":[{"href":"https:\/\/www.hagenbauer.com\/fr\/wp-json\/wp\/v2\/media?parent=92"}],"curies":[{"name":"wp","href":"https:\/\/api.w.org\/{rel}","templated":true}]}}