{"id":67,"date":"2018-03-28T19:47:49","date_gmt":"2018-03-28T17:47:49","guid":{"rendered":"http:\/\/www.hagenbauer.com\/?page_id=67"},"modified":"2024-03-26T10:01:02","modified_gmt":"2024-03-26T09:01:02","slug":"mentions-legales","status":"publish","type":"page","link":"https:\/\/www.hagenbauer.com\/fr\/mentions-legales\/","title":{"rendered":"Mentions l\u00e9gales"},"content":{"rendered":"<div class=\"wpb-content-wrapper\"><p>[vc_row unlock_row_content=\u00a0\u00bbyes\u00a0\u00bb row_height_percent=\u00a0\u00bb100&Prime; override_padding=\u00a0\u00bbyes\u00a0\u00bb h_padding=\u00a0\u00bb0&Prime; top_padding=\u00a0\u00bb0&Prime; bottom_padding=\u00a0\u00bb0&Prime; overlay_alpha=\u00a0\u00bb50&Prime; gutter_size=\u00a0\u00bb3&Prime; column_width_percent=\u00a0\u00bb100&Prime; shift_y=\u00a0\u00bb0&Prime; z_index=\u00a0\u00bb0&Prime; css=\u00a0\u00bb.vc_custom_1656620791389{margin-top: 100px !important;}\u00a0\u00bb uncode_shortcode_id=\u00a0\u00bb195875&Prime;][vc_column column_width_percent=\u00a0\u00bb100&Prime; gutter_size=\u00a0\u00bb0&Prime; overlay_alpha=\u00a0\u00bb50&Prime; shift_x=\u00a0\u00bb0&Prime; shift_y=\u00a0\u00bb0&Prime; shift_y_down=\u00a0\u00bb0&Prime; z_index=\u00a0\u00bb0&Prime; medium_width=\u00a0\u00bb0&Prime; mobile_width=\u00a0\u00bb0&Prime; width=\u00a0\u00bb1\/1&Prime;][vc_row_inner row_inner_height_percent=\u00a0\u00bb0&Prime; overlay_alpha=\u00a0\u00bb50&Prime; equal_height=\u00a0\u00bbyes\u00a0\u00bb gutter_size=\u00a0\u00bb0&Prime; shift_y=\u00a0\u00bb0&Prime; z_index=\u00a0\u00bb0&Prime; limit_content=\u00a0\u00bb\u00a0\u00bb][vc_column_inner column_width_percent=\u00a0\u00bb100&Prime; gutter_size=\u00a0\u00bb3&Prime; override_padding=\u00a0\u00bbyes\u00a0\u00bb column_padding=\u00a0\u00bb2&Prime; overlay_alpha=\u00a0\u00bb50&Prime; shift_x=\u00a0\u00bb0&Prime; shift_y=\u00a0\u00bb0&Prime; shift_y_down=\u00a0\u00bb0&Prime; z_index=\u00a0\u00bb0&Prime; medium_width=\u00a0\u00bb0&Prime; mobile_width=\u00a0\u00bb0&Prime; sticky=\u00a0\u00bbyes\u00a0\u00bb width=\u00a0\u00bb1\/2&Prime;][vc_empty_space][vc_custom_heading heading_semantic=\u00a0\u00bbh1&Prime; text_size=\u00a0\u00bbfontsize-338686&Prime; text_weight=\u00a0\u00bb700&Prime; text_space=\u00a0\u00bbfontspace-111509&Prime; uncode_shortcode_id=\u00a0\u00bb951538&Prime;]Mentions l\u00e9gales[\/vc_custom_heading][\/vc_column_inner][vc_column_inner column_width_percent=\u00a0\u00bb100&Prime; gutter_size=\u00a0\u00bb3&Prime; override_padding=\u00a0\u00bbyes\u00a0\u00bb column_padding=\u00a0\u00bb2&Prime; overlay_alpha=\u00a0\u00bb50&Prime; shift_x=\u00a0\u00bb0&Prime; shift_y=\u00a0\u00bb0&Prime; shift_y_down=\u00a0\u00bb0&Prime; z_index=\u00a0\u00bb0&Prime; medium_width=\u00a0\u00bb0&Prime; mobile_width=\u00a0\u00bb0&Prime; width=\u00a0\u00bb1\/2&Prime;][vc_column_text uncode_shortcode_id=\u00a0\u00bb229949&Prime;]<strong>RESPONSABLE DU SITE<\/strong><\/p>\n<p>HAGEN BAUER<br \/>\n16 rue Roussel Doria<br \/>\n13004 Marseille<br \/>\nSoci\u00e9t\u00e9 par Actions Simplifi\u00e9e au capital de 1000 \u20ac<br \/>\nImmatricul\u00e9e au RCS de Marseille sous le num\u00e9ro 905 068 045<br \/>\nSIRET 905 068 045 00012<br \/>\nNum\u00e9ro de TVA intracommunautaire : FR 32 905 068 045<\/p>\n<p>Nom du responsable de publication: Pierre Charlot<br \/>\nEmail : eshop@hagenbauer.com<\/p>\n<p><strong>H\u00c9BERGEUR<\/strong><\/p>\n<p>La soci\u00e9t\u00e9 OVH<br \/>\nSAS au capital de 10 174 560 \u20ac<\/p>\n<p>RCS Lille M\u00e9tropole 424 761 419 00045<br \/>\nCode APE 2620Z<br \/>\nN\u00b0 TVA : FR 22 424 761 419<br \/>\nSi\u00e8ge social : 2 rue Kellermann &#8211; 59100 Roubaix &#8211; France<\/p>\n<p>Pr\u00e9sident : Michel Paulin<br \/>\nOVH SAS est une filiale de la soci\u00e9t\u00e9 OVH Groupe SA, soci\u00e9t\u00e9 immatricul\u00e9e au RCS de Lille sous le num\u00e9ro 537 407 926 sise 2, rue Kellermann, 59100 Roubaix.<\/p>\n<p><strong>CR\u00c9DITS<\/strong><\/p>\n<p>Tous droits de reproduction ou de citation r\u00e9serv\u00e9s \u00e0 HAGEN BAUER.<br \/>\nWeb design et charte graphique : HAGEN BAUER<br \/>\nCr\u00e9dit photos : HAGEN BAUER<\/p>\n<p><strong>CONFIDENTIALIT\u00c9<\/strong><\/p>\n<p>Conform\u00e9ment \u00e0 la loi \u00ab\u00a0Informatique et Libert\u00e9\u00a0\u00bb du 06 Janvier 1978, vous b\u00e9n\u00e9ficiez d&rsquo;un droit d&rsquo;acc\u00e8s, de rectification, de modification et de suppression aux donn\u00e9es vous concernant. Le site est d\u00e9clar\u00e9 \u00e0 la CNIL sous le n\u00b0 1351361.<\/p>\n<p>Vous pouvez exercer ce droit en nous envoyant un courrier \u00e0 l&rsquo;adresse suivante ou par email :<\/p>\n<p>HAGEN BAUER<br \/>\n16 rue Roussel Doria<br \/>\n13004 Marseille<br \/>\nT\u00e9l : 07 45 03 27 29<br \/>\nEmail : eshop@hagenbauer.com<\/p>\n<p>Vous pouvez encore modifier vos coordonn\u00e9es personnelles depuis votre espace client en vous identifiant \u00e0 l\u2019aide de votre email et de votre mot de passe.<\/p>\n<p>Les donn\u00e9es collect\u00e9es sont destin\u00e9es \u00e0 l&rsquo;usage de hagenbauer.com. Elles sont n\u00e9cessaires au traitement et \u00e0 la gestion des commandes du client ainsi qu\u2019aux relations commerciales entre hagenbauer.com et le client.<\/p>\n<p>Le client peut s\u2019inscrire \u00e0 la newsletter de hagenbauer.com et ainsi choisir d\u2019\u00eatre inform\u00e9 \u00e0 intervalle r\u00e9gulier des offres propos\u00e9es sur le site www.hagenbauer.com. Il a \u00e0 tout moment la possibilit\u00e9 de se d\u00e9sabonner en cliquant sur le lien pr\u00e9vu \u00e0 cet effet situ\u00e9 en bas de chacune des newsletters. Ce lien est \u00e9galement accessible sur le site www.hagenbauer.com dans la rubrique \u00ab\u00a0Mon compte \/ Abonnements\u00a0\u00bb.[\/vc_column_text][\/vc_column_inner][\/vc_row_inner][\/vc_column][\/vc_row]<\/p>\n<\/div>","protected":false},"excerpt":{"rendered":"<p>[vc_row unlock_row_content=\u00a0\u00bbyes\u00a0\u00bb row_height_percent=\u00a0\u00bb100&Prime; override_padding=\u00a0\u00bbyes\u00a0\u00bb h_padding=\u00a0\u00bb0&Prime; top_padding=\u00a0\u00bb0&Prime; bottom_padding=\u00a0\u00bb0&Prime; overlay_alpha=\u00a0\u00bb50&Prime; gutter_size=\u00a0\u00bb3&Prime; column_width_percent=\u00a0\u00bb100&Prime; shift_y=\u00a0\u00bb0&Prime; z_index=\u00a0\u00bb0&Prime; css=\u00a0\u00bb.vc_custom_1656620791389{margin-top: 100px !important;}\u00a0\u00bb uncode_shortcode_id=\u00a0\u00bb195875&Prime;][vc_column column_width_percent=\u00a0\u00bb100&Prime; gutter_size=\u00a0\u00bb0&Prime; overlay_alpha=\u00a0\u00bb50&Prime; shift_x=\u00a0\u00bb0&Prime; [&hellip;]<\/p>\n","protected":false},"author":1,"featured_media":0,"parent":0,"menu_order":0,"comment_status":"closed","ping_status":"closed","template":"","meta":{"footnotes":""},"class_list":["post-67","page","type-page","status-publish","hentry","page_category-legal"],"yoast_head":"<!-- This site is optimized with the Yoast SEO plugin v27.4 - https:\/\/yoast.com\/product\/yoast-seo-wordpress\/ -->\n<title>Mentions l\u00e9gales - HAGEN BAUER<\/title>\n<meta name=\"robots\" content=\"index, follow, max-snippet:-1, max-image-preview:large, max-video-preview:-1\" \/>\n<link rel=\"canonical\" href=\"https:\/\/www.hagenbauer.com\/fr\/mentions-legales\/\" \/>\n<meta property=\"og:locale\" content=\"fr_FR\" \/>\n<meta property=\"og:type\" content=\"article\" \/>\n<meta property=\"og:title\" content=\"Mentions l\u00e9gales - HAGEN BAUER\" \/>\n<meta property=\"og:description\" content=\"[vc_row unlock_row_content=\u00a0\u00bbyes\u00a0\u00bb row_height_percent=\u00a0\u00bb100&Prime; override_padding=\u00a0\u00bbyes\u00a0\u00bb h_padding=\u00a0\u00bb0&Prime; top_padding=\u00a0\u00bb0&Prime; bottom_padding=\u00a0\u00bb0&Prime; overlay_alpha=\u00a0\u00bb50&Prime; gutter_size=\u00a0\u00bb3&Prime; column_width_percent=\u00a0\u00bb100&Prime; shift_y=\u00a0\u00bb0&Prime; z_index=\u00a0\u00bb0&Prime; css=\u00a0\u00bb.vc_custom_1656620791389{margin-top: 100px !important;}\u00a0\u00bb uncode_shortcode_id=\u00a0\u00bb195875&Prime;][vc_column column_width_percent=\u00a0\u00bb100&Prime; gutter_size=\u00a0\u00bb0&Prime; overlay_alpha=\u00a0\u00bb50&Prime; shift_x=\u00a0\u00bb0&Prime; [&hellip;]\" \/>\n<meta property=\"og:url\" content=\"https:\/\/www.hagenbauer.com\/fr\/mentions-legales\/\" \/>\n<meta property=\"og:site_name\" content=\"HAGEN BAUER\" \/>\n<meta property=\"article:publisher\" content=\"http:\/\/facebook.com\/HagenBauerOfficiel\/\" \/>\n<meta property=\"article:modified_time\" content=\"2024-03-26T09:01:02+00:00\" \/>\n<meta name=\"twitter:card\" content=\"summary_large_image\" \/>\n<meta name=\"twitter:label1\" content=\"Dur\u00e9e de lecture estim\u00e9e\" \/>\n\t<meta name=\"twitter:data1\" content=\"3 minutes\" \/>\n<script type=\"application\/ld+json\" class=\"yoast-schema-graph\">{\"@context\":\"https:\\\/\\\/schema.org\",\"@graph\":[{\"@type\":\"WebPage\",\"@id\":\"https:\\\/\\\/www.hagenbauer.com\\\/fr\\\/mentions-legales\\\/\",\"url\":\"https:\\\/\\\/www.hagenbauer.com\\\/fr\\\/mentions-legales\\\/\",\"name\":\"Mentions l\u00e9gales - HAGEN BAUER\",\"isPartOf\":{\"@id\":\"https:\\\/\\\/www.hagenbauer.com\\\/fr\\\/#website\"},\"datePublished\":\"2018-03-28T17:47:49+00:00\",\"dateModified\":\"2024-03-26T09:01:02+00:00\",\"inLanguage\":\"fr-FR\",\"potentialAction\":[{\"@type\":\"ReadAction\",\"target\":[\"https:\\\/\\\/www.hagenbauer.com\\\/fr\\\/mentions-legales\\\/\"]}]},{\"@type\":\"WebSite\",\"@id\":\"https:\\\/\\\/www.hagenbauer.com\\\/fr\\\/#website\",\"url\":\"https:\\\/\\\/www.hagenbauer.com\\\/fr\\\/\",\"name\":\"HAGEN BAUER\",\"description\":\"La peinture sur des sacs urbains.\",\"publisher\":{\"@id\":\"https:\\\/\\\/www.hagenbauer.com\\\/fr\\\/#organization\"},\"potentialAction\":[{\"@type\":\"SearchAction\",\"target\":{\"@type\":\"EntryPoint\",\"urlTemplate\":\"https:\\\/\\\/www.hagenbauer.com\\\/fr\\\/?s={search_term_string}\"},\"query-input\":{\"@type\":\"PropertyValueSpecification\",\"valueRequired\":true,\"valueName\":\"search_term_string\"}}],\"inLanguage\":\"fr-FR\"},{\"@type\":\"Organization\",\"@id\":\"https:\\\/\\\/www.hagenbauer.com\\\/fr\\\/#organization\",\"name\":\"HAGEN BAUER\",\"url\":\"https:\\\/\\\/www.hagenbauer.com\\\/fr\\\/\",\"logo\":{\"@type\":\"ImageObject\",\"inLanguage\":\"fr-FR\",\"@id\":\"https:\\\/\\\/www.hagenbauer.com\\\/fr\\\/#\\\/schema\\\/logo\\\/image\\\/\",\"url\":\"https:\\\/\\\/www.hagenbauer.com\\\/wp-content\\\/uploads\\\/2021\\\/01\\\/logo-hagenbauer-CAP-black.svg\",\"contentUrl\":\"https:\\\/\\\/www.hagenbauer.com\\\/wp-content\\\/uploads\\\/2021\\\/01\\\/logo-hagenbauer-CAP-black.svg\",\"width\":100,\"height\":100,\"caption\":\"HAGEN BAUER\"},\"image\":{\"@id\":\"https:\\\/\\\/www.hagenbauer.com\\\/fr\\\/#\\\/schema\\\/logo\\\/image\\\/\"},\"sameAs\":[\"http:\\\/\\\/facebook.com\\\/HagenBauerOfficiel\\\/\",\"https:\\\/\\\/www.instagram.com\\\/hagen_bauer\\\/\",\"https:\\\/\\\/www.linkedin.com\\\/company\\\/hagen-bauer\\\/\"]}]}<\/script>\n<!-- \/ Yoast SEO plugin. -->","yoast_head_json":{"title":"Mentions l\u00e9gales - HAGEN BAUER","robots":{"index":"index","follow":"follow","max-snippet":"max-snippet:-1","max-image-preview":"max-image-preview:large","max-video-preview":"max-video-preview:-1"},"canonical":"https:\/\/www.hagenbauer.com\/fr\/mentions-legales\/","og_locale":"fr_FR","og_type":"article","og_title":"Mentions l\u00e9gales - HAGEN BAUER","og_description":"[vc_row unlock_row_content=\u00a0\u00bbyes\u00a0\u00bb row_height_percent=\u00a0\u00bb100&Prime; override_padding=\u00a0\u00bbyes\u00a0\u00bb h_padding=\u00a0\u00bb0&Prime; top_padding=\u00a0\u00bb0&Prime; bottom_padding=\u00a0\u00bb0&Prime; overlay_alpha=\u00a0\u00bb50&Prime; gutter_size=\u00a0\u00bb3&Prime; column_width_percent=\u00a0\u00bb100&Prime; shift_y=\u00a0\u00bb0&Prime; z_index=\u00a0\u00bb0&Prime; css=\u00a0\u00bb.vc_custom_1656620791389{margin-top: 100px !important;}\u00a0\u00bb uncode_shortcode_id=\u00a0\u00bb195875&Prime;][vc_column column_width_percent=\u00a0\u00bb100&Prime; gutter_size=\u00a0\u00bb0&Prime; overlay_alpha=\u00a0\u00bb50&Prime; shift_x=\u00a0\u00bb0&Prime; [&hellip;]","og_url":"https:\/\/www.hagenbauer.com\/fr\/mentions-legales\/","og_site_name":"HAGEN BAUER","article_publisher":"http:\/\/facebook.com\/HagenBauerOfficiel\/","article_modified_time":"2024-03-26T09:01:02+00:00","twitter_card":"summary_large_image","twitter_misc":{"Dur\u00e9e de lecture estim\u00e9e":"3 minutes"},"schema":{"@context":"https:\/\/schema.org","@graph":[{"@type":"WebPage","@id":"https:\/\/www.hagenbauer.com\/fr\/mentions-legales\/","url":"https:\/\/www.hagenbauer.com\/fr\/mentions-legales\/","name":"Mentions l\u00e9gales - HAGEN BAUER","isPartOf":{"@id":"https:\/\/www.hagenbauer.com\/fr\/#website"},"datePublished":"2018-03-28T17:47:49+00:00","dateModified":"2024-03-26T09:01:02+00:00","inLanguage":"fr-FR","potentialAction":[{"@type":"ReadAction","target":["https:\/\/www.hagenbauer.com\/fr\/mentions-legales\/"]}]},{"@type":"WebSite","@id":"https:\/\/www.hagenbauer.com\/fr\/#website","url":"https:\/\/www.hagenbauer.com\/fr\/","name":"HAGEN BAUER","description":"La peinture sur des sacs urbains.","publisher":{"@id":"https:\/\/www.hagenbauer.com\/fr\/#organization"},"potentialAction":[{"@type":"SearchAction","target":{"@type":"EntryPoint","urlTemplate":"https:\/\/www.hagenbauer.com\/fr\/?s={search_term_string}"},"query-input":{"@type":"PropertyValueSpecification","valueRequired":true,"valueName":"search_term_string"}}],"inLanguage":"fr-FR"},{"@type":"Organization","@id":"https:\/\/www.hagenbauer.com\/fr\/#organization","name":"HAGEN BAUER","url":"https:\/\/www.hagenbauer.com\/fr\/","logo":{"@type":"ImageObject","inLanguage":"fr-FR","@id":"https:\/\/www.hagenbauer.com\/fr\/#\/schema\/logo\/image\/","url":"https:\/\/www.hagenbauer.com\/wp-content\/uploads\/2021\/01\/logo-hagenbauer-CAP-black.svg","contentUrl":"https:\/\/www.hagenbauer.com\/wp-content\/uploads\/2021\/01\/logo-hagenbauer-CAP-black.svg","width":100,"height":100,"caption":"HAGEN BAUER"},"image":{"@id":"https:\/\/www.hagenbauer.com\/fr\/#\/schema\/logo\/image\/"},"sameAs":["http:\/\/facebook.com\/HagenBauerOfficiel\/","https:\/\/www.instagram.com\/hagen_bauer\/","https:\/\/www.linkedin.com\/company\/hagen-bauer\/"]}]}},"_links":{"self":[{"href":"https:\/\/www.hagenbauer.com\/fr\/wp-json\/wp\/v2\/pages\/67","targetHints":{"allow":["GET"]}}],"collection":[{"href":"https:\/\/www.hagenbauer.com\/fr\/wp-json\/wp\/v2\/pages"}],"about":[{"href":"https:\/\/www.hagenbauer.com\/fr\/wp-json\/wp\/v2\/types\/page"}],"author":[{"embeddable":true,"href":"https:\/\/www.hagenbauer.com\/fr\/wp-json\/wp\/v2\/users\/1"}],"replies":[{"embeddable":true,"href":"https:\/\/www.hagenbauer.com\/fr\/wp-json\/wp\/v2\/comments?post=67"}],"version-history":[{"count":1,"href":"https:\/\/www.hagenbauer.com\/fr\/wp-json\/wp\/v2\/pages\/67\/revisions"}],"predecessor-version":[{"id":5485,"href":"https:\/\/www.hagenbauer.com\/fr\/wp-json\/wp\/v2\/pages\/67\/revisions\/5485"}],"wp:attachment":[{"href":"https:\/\/www.hagenbauer.com\/fr\/wp-json\/wp\/v2\/media?parent=67"}],"curies":[{"name":"wp","href":"https:\/\/api.w.org\/{rel}","templated":true}]}}